{"id":27058,"date":"2024-04-08T10:41:50","date_gmt":"2024-04-08T08:41:50","guid":{"rendered":"https:\/\/linemakeup.shop\/?post_type=product&#038;p=27058"},"modified":"2024-04-11T09:07:07","modified_gmt":"2024-04-11T07:07:07","slug":"gel-fixateur","status":"publish","type":"product","link":"https:\/\/linemakeup.shop\/en\/product\/gel-fixateur\/","title":{"rendered":"Gel Fixateur Maquillage permanent\/Microblading"},"content":{"rendered":"<p>Le Fixateur permet une meilleur retention du pigment dans la peau. Cela aide \u00e0 pr\u00e9venir les gonflements et les saignements pendant la proc\u00e9dure de maquillage permanent \/ microblading. Le Gel Fixateur est appliqu\u00e9 pendant la prestation, sur la zone concern\u00e9e. Cela acc\u00e9l\u00e8re le processus de pigmentation et garantit une adh\u00e9rence meilleure des pigments de maquillage permanent ou microblading. Usage Professionnel seulement, utilisable pour les micropigmentations des sourcils, eyeliner, l\u00e8vres et tout type de tatouage.<\/p>\n<p class=\"p1\"><span class=\"s1\" style=\"color: #000000;\"><strong>Composition<\/strong> :<\/span><\/p>\n<p class=\"p1\"><span class=\"s1\" style=\"color: #ff0000;\"><span style=\"color: #000000;\">Ingr\u00e9dients : Phenoxyethanol, Kosher Glycerine, Ethanol, Propylene, Saline, Panthenol.<\/span><\/span><\/p>\n<p><span style=\"color: #000000;\"><strong>Quantit\u00e9: 10 ml<\/strong><\/span><\/p>\n<p class=\"p1\"><span style=\"color: #ff0000;\"><strong><span class=\"s1\"><span style=\"color: #000000;\">D\u00e9lai de livraison :<\/span><br \/>\n<\/span><\/strong><span class=\"s1\" style=\"color: #000000;\">5 \u00e0 7 jours apr\u00e8s validation de votre commande.<\/span><\/span><\/p>\n<p class=\"p1\"><strong><span class=\"s1\">Conseil d\u2019utilisation:<\/span><\/strong><\/p>\n<p>Le gel doit \u00eatre appliqu\u00e9 pendant la prestation, pour que les lignes cr\u00e9es puissent \u00eatre fix\u00e9 plus rapidement. Anti-gonflement, cicatrisation rapide et pr\u00e9vention des saignements.<\/p>\n<p class=\"p1\"><strong><span class=\"s1\">Notre offre de formation<\/span><\/strong><\/p>\n<p class=\"p1\"><span class=\"s1\">Notre centre de formation vous propose des modules d\u2019initiation ou de perfectionnement dans le Maquillage Permanent, Microblading, Tricopigmentation, Extension Cil \u00e0 cil, Volume Russe, ou le Rehaussement de cils sur <a href=\"http:\/\/www.linemakeup.com\">Linemakeup.com<\/a>.<\/span><\/p>\n<p class=\"p1\"><strong><span class=\"s1\">Le shop Linemakeup<\/span><\/strong><\/p>\n<p class=\"p1\"><span class=\"s1\">Sp\u00e9cialis\u00e9 dans la Dermopigmentation,\u00a0Linemakeup\u00a0vous accompagne apr\u00e8s votre formation.\u00a0\u00a0Gr\u00e2ce \u00e0 notre shop, tout un panel de produits est disponible en ligne, pour le d\u00e9marrage optimal de votre activit\u00e9.<\/span><\/p>\n<p class=\"p1\"><span class=\"s1\">Ainsi, vous pourrez\u00a0vous fournir \u00e0 tout moment\u00a0sur le site web et\u00a0anticiper vos besoins en produits et materiel.<\/span><\/p>","protected":false},"excerpt":{"rendered":"<p>Le Fixateur permet une meilleur retention du pigment dans la peau. Cela aide \u00e0 pr\u00e9venir les gonflements et les saignements pendant la proc\u00e9dure de maquillage permanent \/ microblading. Le Gel Fixateur est appliqu\u00e9 pendant la prestation, sur la zone concern\u00e9e. Cela acc\u00e9l\u00e8re le processus de pigmentation et garantit une adh\u00e9rence meilleure des pigments de maquillage&#8230;<\/p>","protected":false},"featured_media":27059,"template":"","meta":{"_eb_attr":"","_kad_post_transparent":"default","_kad_post_title":"","_kad_post_layout":"default","_kad_post_sidebar_id":"","_kad_post_content_style":"default","_kad_post_vertical_padding":"default","_kad_post_feature":"","_kad_post_feature_position":"","_kad_post_header":false,"_kad_post_footer":false,"_kad_post_classname":"","_jet_sm_ready_style":"","_jet_sm_style":"","_jet_sm_controls_values":"","_jet_sm_fonts_collection":"","_jet_sm_fonts_links":""},"product_brand":[],"product_cat":[55],"product_tag":[],"class_list":{"0":"post-27058","1":"product","2":"type-product","3":"status-publish","4":"has-post-thumbnail","6":"product_cat-detatouage","8":"first","9":"instock","10":"taxable","11":"shipping-taxable","12":"purchasable","13":"product-type-simple","14":"entry","15":"content-bg","16":"loop-entry"},"yoast_head":"<!-- This site is optimized with the Yoast SEO plugin v27.3 - https:\/\/yoast.com\/product\/yoast-seo-wordpress\/ -->\n<title>Gel Fixateur Maquillage permanent\/Microblading - Linemakeup Shop<\/title>\n<meta name=\"robots\" content=\"index, follow, max-snippet:-1, max-image-preview:large, max-video-preview:-1\" \/>\n<link rel=\"canonical\" href=\"https:\/\/linemakeup.shop\/en\/product\/gel-fixateur\/\" \/>\n<meta property=\"og:locale\" content=\"en_US\" \/>\n<meta property=\"og:type\" content=\"article\" \/>\n<meta property=\"og:title\" content=\"Gel Fixateur Maquillage permanent\/Microblading - Linemakeup Shop\" \/>\n<meta property=\"og:description\" content=\"Le Fixateur permet une meilleur retention du pigment dans la peau. Cela aide \u00e0 pr\u00e9venir les gonflements et les saignements pendant la proc\u00e9dure de maquillage permanent \/ microblading. Le Gel Fixateur est appliqu\u00e9 pendant la prestation, sur la zone concern\u00e9e. Cela acc\u00e9l\u00e8re le processus de pigmentation et garantit une adh\u00e9rence meilleure des pigments de maquillage...\" \/>\n<meta property=\"og:url\" content=\"https:\/\/linemakeup.shop\/en\/product\/gel-fixateur\/\" \/>\n<meta property=\"og:site_name\" content=\"Linemakeup Shop\" \/>\n<meta property=\"article:publisher\" content=\"https:\/\/www.facebook.com\/linemakeupFR\/?locale=fr_FR\" \/>\n<meta property=\"article:modified_time\" content=\"2024-04-11T07:07:07+00:00\" \/>\n<meta property=\"og:image\" content=\"https:\/\/linemakeup.shop\/wp-content\/uploads\/2024\/04\/GEL-FIXATUER--scaled.jpg\" \/>\n\t<meta property=\"og:image:width\" content=\"1810\" \/>\n\t<meta property=\"og:image:height\" content=\"2560\" \/>\n\t<meta property=\"og:image:type\" content=\"image\/jpeg\" \/>\n<meta name=\"twitter:card\" content=\"summary_large_image\" \/>\n<meta name=\"twitter:label1\" content=\"Est. reading time\" \/>\n\t<meta name=\"twitter:data1\" content=\"1 minute\" \/>\n<script type=\"application\/ld+json\" class=\"yoast-schema-graph\">{\"@context\":\"https:\\\/\\\/schema.org\",\"@graph\":[{\"@type\":\"WebPage\",\"@id\":\"https:\\\/\\\/linemakeup.shop\\\/produit\\\/gel-fixateur\\\/\",\"url\":\"https:\\\/\\\/linemakeup.shop\\\/produit\\\/gel-fixateur\\\/\",\"name\":\"Gel Fixateur Maquillage permanent\\\/Microblading - Linemakeup Shop\",\"isPartOf\":{\"@id\":\"https:\\\/\\\/linemakeup.shop\\\/#website\"},\"primaryImageOfPage\":{\"@id\":\"https:\\\/\\\/linemakeup.shop\\\/produit\\\/gel-fixateur\\\/#primaryimage\"},\"image\":{\"@id\":\"https:\\\/\\\/linemakeup.shop\\\/produit\\\/gel-fixateur\\\/#primaryimage\"},\"thumbnailUrl\":\"https:\\\/\\\/linemakeup.shop\\\/wp-content\\\/uploads\\\/2024\\\/04\\\/GEL-FIXATUER--scaled.jpg\",\"datePublished\":\"2024-04-08T08:41:50+00:00\",\"dateModified\":\"2024-04-11T07:07:07+00:00\",\"breadcrumb\":{\"@id\":\"https:\\\/\\\/linemakeup.shop\\\/produit\\\/gel-fixateur\\\/#breadcrumb\"},\"inLanguage\":\"en-US\",\"potentialAction\":[{\"@type\":\"ReadAction\",\"target\":[\"https:\\\/\\\/linemakeup.shop\\\/produit\\\/gel-fixateur\\\/\"]}]},{\"@type\":\"ImageObject\",\"inLanguage\":\"en-US\",\"@id\":\"https:\\\/\\\/linemakeup.shop\\\/produit\\\/gel-fixateur\\\/#primaryimage\",\"url\":\"https:\\\/\\\/linemakeup.shop\\\/wp-content\\\/uploads\\\/2024\\\/04\\\/GEL-FIXATUER--scaled.jpg\",\"contentUrl\":\"https:\\\/\\\/linemakeup.shop\\\/wp-content\\\/uploads\\\/2024\\\/04\\\/GEL-FIXATUER--scaled.jpg\",\"width\":1810,\"height\":2560},{\"@type\":\"BreadcrumbList\",\"@id\":\"https:\\\/\\\/linemakeup.shop\\\/produit\\\/gel-fixateur\\\/#breadcrumb\",\"itemListElement\":[{\"@type\":\"ListItem\",\"position\":1,\"name\":\"Accueil\",\"item\":\"https:\\\/\\\/linemakeup.shop\\\/\"},{\"@type\":\"ListItem\",\"position\":2,\"name\":\"Boutique\",\"item\":\"https:\\\/\\\/linemakeup.shop\\\/boutique\\\/\"},{\"@type\":\"ListItem\",\"position\":3,\"name\":\"Gel Fixateur Maquillage permanent\\\/Microblading\"}]},{\"@type\":\"WebSite\",\"@id\":\"https:\\\/\\\/linemakeup.shop\\\/#website\",\"url\":\"https:\\\/\\\/linemakeup.shop\\\/\",\"name\":\"Linemakeup Shop\",\"description\":\"\",\"publisher\":{\"@id\":\"https:\\\/\\\/linemakeup.shop\\\/#organization\"},\"potentialAction\":[{\"@type\":\"SearchAction\",\"target\":{\"@type\":\"EntryPoint\",\"urlTemplate\":\"https:\\\/\\\/linemakeup.shop\\\/?s={search_term_string}\"},\"query-input\":{\"@type\":\"PropertyValueSpecification\",\"valueRequired\":true,\"valueName\":\"search_term_string\"}}],\"inLanguage\":\"en-US\"},{\"@type\":\"Organization\",\"@id\":\"https:\\\/\\\/linemakeup.shop\\\/#organization\",\"name\":\"Linemakeup Shop\",\"url\":\"https:\\\/\\\/linemakeup.shop\\\/\",\"logo\":{\"@type\":\"ImageObject\",\"inLanguage\":\"en-US\",\"@id\":\"https:\\\/\\\/linemakeup.shop\\\/#\\\/schema\\\/logo\\\/image\\\/\",\"url\":\"https:\\\/\\\/linemakeup.shop\\\/wp-content\\\/uploads\\\/2023\\\/05\\\/cropped-cropped-cropped-logo-Linemakeup-Shop-15-e1601502610341-1.png\",\"contentUrl\":\"https:\\\/\\\/linemakeup.shop\\\/wp-content\\\/uploads\\\/2023\\\/05\\\/cropped-cropped-cropped-logo-Linemakeup-Shop-15-e1601502610341-1.png\",\"width\":709,\"height\":102,\"caption\":\"Linemakeup Shop\"},\"image\":{\"@id\":\"https:\\\/\\\/linemakeup.shop\\\/#\\\/schema\\\/logo\\\/image\\\/\"},\"sameAs\":[\"https:\\\/\\\/www.facebook.com\\\/linemakeupFR\\\/?locale=fr_FR\"]}]}<\/script>\n<!-- \/ Yoast SEO plugin. -->","yoast_head_json":{"title":"Gel Fixateur Maquillage permanent\/Microblading - Linemakeup Shop","robots":{"index":"index","follow":"follow","max-snippet":"max-snippet:-1","max-image-preview":"max-image-preview:large","max-video-preview":"max-video-preview:-1"},"canonical":"https:\/\/linemakeup.shop\/en\/product\/gel-fixateur\/","og_locale":"en_US","og_type":"article","og_title":"Gel Fixateur Maquillage permanent\/Microblading - Linemakeup Shop","og_description":"Le Fixateur permet une meilleur retention du pigment dans la peau. Cela aide \u00e0 pr\u00e9venir les gonflements et les saignements pendant la proc\u00e9dure de maquillage permanent \/ microblading. Le Gel Fixateur est appliqu\u00e9 pendant la prestation, sur la zone concern\u00e9e. Cela acc\u00e9l\u00e8re le processus de pigmentation et garantit une adh\u00e9rence meilleure des pigments de maquillage...","og_url":"https:\/\/linemakeup.shop\/en\/product\/gel-fixateur\/","og_site_name":"Linemakeup Shop","article_publisher":"https:\/\/www.facebook.com\/linemakeupFR\/?locale=fr_FR","article_modified_time":"2024-04-11T07:07:07+00:00","og_image":[{"width":1810,"height":2560,"url":"https:\/\/linemakeup.shop\/wp-content\/uploads\/2024\/04\/GEL-FIXATUER--scaled.jpg","type":"image\/jpeg"}],"twitter_card":"summary_large_image","twitter_misc":{"Est. reading time":"1 minute"},"schema":{"@context":"https:\/\/schema.org","@graph":[{"@type":"WebPage","@id":"https:\/\/linemakeup.shop\/produit\/gel-fixateur\/","url":"https:\/\/linemakeup.shop\/produit\/gel-fixateur\/","name":"Gel Fixateur Maquillage permanent\/Microblading - Linemakeup Shop","isPartOf":{"@id":"https:\/\/linemakeup.shop\/#website"},"primaryImageOfPage":{"@id":"https:\/\/linemakeup.shop\/produit\/gel-fixateur\/#primaryimage"},"image":{"@id":"https:\/\/linemakeup.shop\/produit\/gel-fixateur\/#primaryimage"},"thumbnailUrl":"https:\/\/linemakeup.shop\/wp-content\/uploads\/2024\/04\/GEL-FIXATUER--scaled.jpg","datePublished":"2024-04-08T08:41:50+00:00","dateModified":"2024-04-11T07:07:07+00:00","breadcrumb":{"@id":"https:\/\/linemakeup.shop\/produit\/gel-fixateur\/#breadcrumb"},"inLanguage":"en-US","potentialAction":[{"@type":"ReadAction","target":["https:\/\/linemakeup.shop\/produit\/gel-fixateur\/"]}]},{"@type":"ImageObject","inLanguage":"en-US","@id":"https:\/\/linemakeup.shop\/produit\/gel-fixateur\/#primaryimage","url":"https:\/\/linemakeup.shop\/wp-content\/uploads\/2024\/04\/GEL-FIXATUER--scaled.jpg","contentUrl":"https:\/\/linemakeup.shop\/wp-content\/uploads\/2024\/04\/GEL-FIXATUER--scaled.jpg","width":1810,"height":2560},{"@type":"BreadcrumbList","@id":"https:\/\/linemakeup.shop\/produit\/gel-fixateur\/#breadcrumb","itemListElement":[{"@type":"ListItem","position":1,"name":"Accueil","item":"https:\/\/linemakeup.shop\/"},{"@type":"ListItem","position":2,"name":"Boutique","item":"https:\/\/linemakeup.shop\/boutique\/"},{"@type":"ListItem","position":3,"name":"Gel Fixateur Maquillage permanent\/Microblading"}]},{"@type":"WebSite","@id":"https:\/\/linemakeup.shop\/#website","url":"https:\/\/linemakeup.shop\/","name":"Linemakeup Shop","description":"","publisher":{"@id":"https:\/\/linemakeup.shop\/#organization"},"potentialAction":[{"@type":"SearchAction","target":{"@type":"EntryPoint","urlTemplate":"https:\/\/linemakeup.shop\/?s={search_term_string}"},"query-input":{"@type":"PropertyValueSpecification","valueRequired":true,"valueName":"search_term_string"}}],"inLanguage":"en-US"},{"@type":"Organization","@id":"https:\/\/linemakeup.shop\/#organization","name":"Linemakeup Shop","url":"https:\/\/linemakeup.shop\/","logo":{"@type":"ImageObject","inLanguage":"en-US","@id":"https:\/\/linemakeup.shop\/#\/schema\/logo\/image\/","url":"https:\/\/linemakeup.shop\/wp-content\/uploads\/2023\/05\/cropped-cropped-cropped-logo-Linemakeup-Shop-15-e1601502610341-1.png","contentUrl":"https:\/\/linemakeup.shop\/wp-content\/uploads\/2023\/05\/cropped-cropped-cropped-logo-Linemakeup-Shop-15-e1601502610341-1.png","width":709,"height":102,"caption":"Linemakeup Shop"},"image":{"@id":"https:\/\/linemakeup.shop\/#\/schema\/logo\/image\/"},"sameAs":["https:\/\/www.facebook.com\/linemakeupFR\/?locale=fr_FR"]}]}},"_links":{"self":[{"href":"https:\/\/linemakeup.shop\/en\/wp-json\/wp\/v2\/product\/27058","targetHints":{"allow":["GET"]}}],"collection":[{"href":"https:\/\/linemakeup.shop\/en\/wp-json\/wp\/v2\/product"}],"about":[{"href":"https:\/\/linemakeup.shop\/en\/wp-json\/wp\/v2\/types\/product"}],"wp:featuredmedia":[{"embeddable":true,"href":"https:\/\/linemakeup.shop\/en\/wp-json\/wp\/v2\/media\/27059"}],"wp:attachment":[{"href":"https:\/\/linemakeup.shop\/en\/wp-json\/wp\/v2\/media?parent=27058"}],"wp:term":[{"taxonomy":"product_brand","embeddable":true,"href":"https:\/\/linemakeup.shop\/en\/wp-json\/wp\/v2\/product_brand?post=27058"},{"taxonomy":"product_cat","embeddable":true,"href":"https:\/\/linemakeup.shop\/en\/wp-json\/wp\/v2\/product_cat?post=27058"},{"taxonomy":"product_tag","embeddable":true,"href":"https:\/\/linemakeup.shop\/en\/wp-json\/wp\/v2\/product_tag?post=27058"}],"curies":[{"name":"wp","href":"https:\/\/api.w.org\/{rel}","templated":true}]}}