{"id":2235,"date":"2024-11-29T19:49:08","date_gmt":"2024-11-29T18:49:08","guid":{"rendered":"http:\/\/LinemakeupAdmin"},"modified":"2024-11-29T19:49:08","modified_gmt":"2024-11-29T18:49:08","slug":"mentions-legales","status":"publish","type":"page","link":"https:\/\/linemakeup.shop\/en\/mentions-legales\/","title":{"rendered":"Terms of use"},"content":{"rendered":"<h1>MENTIONS L\u00c9GALES<\/h1>\n<p>\u00c0 travers cette charte, LINEMAKEUP PRO, l\u2019\u00c9diteur, souhaite faire part aux Utilisateurs du site www.linemakeup.store\/linemakeuppro, le Site, de ses engagements et des r\u00e8gles qu\u2019ils auront \u00e0 respecter lors de leurs visites sur le site.<\/p>\n<h2>1. IDENTIT\u00c9<\/h2>\n<p><strong>LINEMAKEUP PRO<\/strong><\/p>\n<p>SAS au capital de 1 000 \u20ac<br \/>\nRCS Montpellier n\u00b0 879 768 281<br \/>\nD\u00e9claration d\u2019activit\u00e9 enregistr\u00e9e sous le n\u00b0 763 409 505 34 aupr\u00e8s du pr\u00e9fet de la r\u00e9gion Occitanie.<br \/>\n<strong>Code APE :<\/strong>\u00a08559A<br \/>\n<strong>Num\u00e9ro de TVA intracommunautaire :<\/strong>\u00a0FR36 879768281<\/p>\n<p><strong>Si\u00e8ge Social\u00a0<\/strong>:<br \/>\n37 impasse des Dahlias 34170 CASTELNAU-LE-LEZ \u2013 France<br \/>\n<strong>SIRET :<\/strong>\u00a0879768281 00013<br \/>\n<strong>\u00c9tablissement de Castelnau-le-Lez :<\/strong><br \/>\n350 rue Henri Dunant 34170 CASTELNAU-LE-LEZ \u2013 France<br \/>\n<strong>E-mail:<\/strong>\u00a0savlinemakeup@gmail.com<br \/>\n<strong>Directeur de la publication :<\/strong>\u00a0Fr\u00e9d\u00e9ric METANIRE<\/p>\n<p><strong>H\u00e9bergeur :<\/strong><\/p>\n<p><strong>OVH<\/strong><br \/>\nSAS au capital de 10 069 020 \u20ac<\/p>\n<p>RCS Lille M\u00e9tropole 424 761 419 00045<\/p>\n<p>Code APE 2620Z<\/p>\n<p>N\u00b0 TVA : FR 22 424 761 419<\/p>\n<p>Si\u00e8ge social : 2 rue Kellermann \u2013 59100 Roubaix \u2013 France<\/p>\n<h2>2. G\u00c9N\u00c9RALIT\u00c9S<\/h2>\n<p><strong>L\u2019\u00c9diteur s\u2019engage \u00e0 :<\/strong><\/p>\n<ol>\n<li>v\u00e9rifier la validit\u00e9 des informations port\u00e9es \u00e0 la connaissance des Utilisateurs du Site<\/li>\n<li>faire ses meilleurs efforts pour le maintien en ligne des services propos\u00e9s sur le Site<\/li>\n<\/ol>\n<h2>3. DONN\u00c9ES PERSONNELLES<\/h2>\n<p><strong>L\u2019\u00c9diteur s\u2019engage \u00e0 :<\/strong><\/p>\n<ol>\n<li>assurer le respect des droits fondamentaux des Utilisateurs lors de la collecte de donn\u00e9es personnelles sur le Site<\/li>\n<li>tenir les Utilisateurs inform\u00e9s de toute collecte et traitement des donn\u00e9es personnelles qui le concernent : les donn\u00e9es personnelles transmises par l\u2019Utilisateur sur le Site ne seront pas transf\u00e9r\u00e9es \u00e0 un tiers<\/li>\n<li>r\u00e9pondre aux questions des Utilisateurs sur le traitement des donn\u00e9es personnelles et nominatives<\/li>\n<\/ol>\n<p>Conform\u00e9ment \u00e0 la loi Informatique et Libert\u00e9s du 6 janvier 1978, l\u2019Utilisateur dispose d\u2019un droit d\u2019acc\u00e8s et de rectification des donn\u00e9es personnelles et nominatives qu\u2019il a transmises \u00e0 l\u2019\u00c9diteur. Ce droit pourra \u00eatre exerc\u00e9 directement en ligne.<\/p>\n<h2>4. PROPRI\u00c9T\u00c9 INTELLECTUELLE<\/h2>\n<p><strong>L\u2019\u00c9diteur s\u2019engage \u00e0 :<\/strong><\/p>\n<ol>\n<li>fournir l\u2019information sur les droits et obligations lors de l\u2019utilisation des contenus l\u00e9galement prot\u00e9g\u00e9s<\/li>\n<li>promouvoir les techniques de protection des \u0153uvres et la lutte contre le piratage des contenus<\/li>\n<\/ol>\n<h2>5. GARANTIE VIS-\u00c0-VIS DES UTILISATEURS<\/h2>\n<p><strong>L\u2019\u00c9diteur s\u2019engage \u00e0 :<\/strong><\/p>\n<ol>\n<li>assurer la s\u00e9curit\u00e9 juridique des transactions de paiement<\/li>\n<li>fournir les informations requises pr\u00e9alablement aux transactions de paiement<\/li>\n<li>d\u00e9ployer tous les moyens pour r\u00e9pondre \u201cen ligne\u201d ; aux questions des Utilisateurs<\/li>\n<li>faire ses meilleurs efforts pour garantir la fiabilit\u00e9, la pertinence et l\u2019exactitude des contenus pouvant \u00eatre produits par des tiers et diffus\u00e9s sur le Site<\/li>\n<\/ol>\n<h2>6. ENGAGEMENTS DE L\u2019UTILISATEUR<\/h2>\n<p>L\u2019Utilisateur s\u2019engage \u00e0 respecter les r\u00e8gles de propri\u00e9t\u00e9 intellectuelle applicables aux contenus du Site.<br \/>\nEn dehors d\u2019un usage strictement personnel et priv\u00e9, l\u2019Utilisateur s\u2019engage \u00e0 ne pas r\u00e9sumer, adapter, publier et\/ou distribuer, modifier, alt\u00e9rer ou reproduire de quelque mani\u00e8re que ce soit l\u2019un des quelconques contenus accessibles sur le Site, tel que les images informatiques, fichiers, articles, illustrations, bases de donn\u00e9es, sons, logiciels, graphismes, polices, marques, logos ou toute autre information sans autorisation pr\u00e9alable et \u00e9crite de la part de l\u2019\u00c9diteur, et \u00e0 ne pas reprendre tout ou partie du Site sur un autre site accessible par Internet ou Intranet.<\/p>\n<h2>7. NOS CONSEILS POUR UNE NAVIGATION S\u00dbRE<\/h2>\n<p>Ne jamais donner ses mots de passe \u00e0 qui que ce soit.<br \/>\nAttention aux \u00e9l\u00e9ments attach\u00e9s \u00e0 des emails de provenance inconnue, ils peuvent contenir des virus.<\/p>\n<h2>8. CR\u00c9DITS PHOTOS<\/h2>\n<p>Phototh\u00e8que \u00a9 Linemakeup Pro \/ Mdigital<\/p>\n<h2>9. UTILISATION DES COOKIES<\/h2>\n<p>Ce site utilise Google Analytics, un service d\u2019analyse de site Internet fourni par Google Inc. (\u00ab Google \u00bb). Google Analytics utilise des cookies, qui sont des fichiers texte plac\u00e9s sur votre ordinateur, pour aider le site internet \u00e0 analyser l\u2019utilisation du site par ses utilisateurs. Les donn\u00e9es g\u00e9n\u00e9r\u00e9es par les cookies concernant votre utilisation du site (y compris votre adresse IP) seront transmises et stock\u00e9es par Google sur des serveurs situ\u00e9s aux Etats-Unis. Google utilisera cette information dans le but d\u2019\u00e9valuer votre utilisation du site, de compiler des rapports sur l\u2019activit\u00e9 du site \u00e0 destination de son \u00e9diteur et de fournir d\u2019autres services relatifs \u00e0 l\u2019activit\u00e9 du site et \u00e0 l\u2019utilisation d\u2019Internet. Google est susceptible de communiquer ces donn\u00e9es \u00e0 des tiers en cas d\u2019obligation l\u00e9gale ou lorsque ces tiers traitent ces donn\u00e9es pour le compte de Google, y compris notamment l\u2019\u00e9diteur de ce site. Google ne recoupera pas votre adresse IP avec toute autre donn\u00e9e d\u00e9tenue par Google. Vous pouvez d\u00e9sactiver l\u2019utilisation de cookies en s\u00e9lectionnant les param\u00e8tres appropri\u00e9s de votre navigateur. Cependant, une telle d\u00e9sactivation pourrait emp\u00eacher l\u2019utilisation de certaines fonctionnalit\u00e9s de ce site. En utilisant ce site Internet, vous consentez express\u00e9ment au traitement de vos donn\u00e9es nominatives par Google dans les conditions et pour les finalit\u00e9s d\u00e9crites ci-dessus.<\/p>\n<p>Pour toute information compl\u00e9mentaire, vous pouvez nous contacter sur savlinemakeup@gmail.com<\/p>","protected":false},"excerpt":{"rendered":"<p>MENTIONS L\u00c9GALES \u00c0 travers cette charte, LINEMAKEUP PRO, l\u2019\u00c9diteur, souhaite faire part aux Utilisateurs du site www.linemakeup.store\/linemakeuppro, le Site, de ses engagements et des r\u00e8gles qu\u2019ils auront \u00e0 respecter lors de leurs visites sur le site. 1. IDENTIT\u00c9 LINEMAKEUP PRO SAS au capital de 1 000 \u20ac RCS Montpellier n\u00b0 879 768 281 D\u00e9claration d\u2019activit\u00e9&#8230;<\/p>","protected":false},"author":1,"featured_media":0,"parent":0,"menu_order":0,"comment_status":"closed","ping_status":"closed","template":"","meta":{"_eb_attr":"","_kad_post_transparent":"","_kad_post_title":"","_kad_post_layout":"","_kad_post_sidebar_id":"","_kad_post_content_style":"","_kad_post_vertical_padding":"","_kad_post_feature":"","_kad_post_feature_position":"","_kad_post_header":false,"_kad_post_footer":false,"_kad_post_classname":"","_jet_sm_ready_style":"","_jet_sm_style":"","_jet_sm_controls_values":"","_jet_sm_fonts_collection":"","_jet_sm_fonts_links":"","footnotes":""},"class_list":["post-2235","page","type-page","status-publish","hentry"],"yoast_head":"<!-- This site is optimized with the Yoast SEO plugin v27.5 - https:\/\/yoast.com\/product\/yoast-seo-wordpress\/ -->\n<title>Mentions l\u00e9gales - Linemakeup Shop<\/title>\n<meta name=\"robots\" content=\"index, follow, max-snippet:-1, max-image-preview:large, max-video-preview:-1\" \/>\n<link rel=\"canonical\" href=\"https:\/\/linemakeup.shop\/en\/mentions-legales\/\" \/>\n<meta property=\"og:locale\" content=\"en_US\" \/>\n<meta property=\"og:type\" content=\"article\" \/>\n<meta property=\"og:title\" content=\"Mentions l\u00e9gales - Linemakeup Shop\" \/>\n<meta property=\"og:description\" content=\"MENTIONS L\u00c9GALES \u00c0 travers cette charte, LINEMAKEUP PRO, l\u2019\u00c9diteur, souhaite faire part aux Utilisateurs du site www.linemakeup.store\/linemakeuppro, le Site, de ses engagements et des r\u00e8gles qu\u2019ils auront \u00e0 respecter lors de leurs visites sur le site. 1. IDENTIT\u00c9 LINEMAKEUP PRO SAS au capital de 1 000 \u20ac RCS Montpellier n\u00b0 879 768 281 D\u00e9claration d\u2019activit\u00e9...\" \/>\n<meta property=\"og:url\" content=\"https:\/\/linemakeup.shop\/en\/mentions-legales\/\" \/>\n<meta property=\"og:site_name\" content=\"Linemakeup Shop\" \/>\n<meta property=\"article:publisher\" content=\"https:\/\/www.facebook.com\/linemakeupFR\/?locale=fr_FR\" \/>\n<meta name=\"twitter:card\" content=\"summary_large_image\" \/>\n<meta name=\"twitter:label1\" content=\"Est. reading time\" \/>\n\t<meta name=\"twitter:data1\" content=\"4 minutes\" \/>\n<script type=\"application\/ld+json\" class=\"yoast-schema-graph\">{\"@context\":\"https:\\\/\\\/schema.org\",\"@graph\":[{\"@type\":\"WebPage\",\"@id\":\"https:\\\/\\\/linemakeup.shop\\\/mentions-legales\\\/\",\"url\":\"https:\\\/\\\/linemakeup.shop\\\/mentions-legales\\\/\",\"name\":\"Mentions l\u00e9gales - Linemakeup Shop\",\"isPartOf\":{\"@id\":\"https:\\\/\\\/linemakeup.shop\\\/#website\"},\"datePublished\":\"2024-11-29T18:49:08+00:00\",\"breadcrumb\":{\"@id\":\"https:\\\/\\\/linemakeup.shop\\\/mentions-legales\\\/#breadcrumb\"},\"inLanguage\":\"en-US\",\"potentialAction\":[{\"@type\":\"ReadAction\",\"target\":[\"https:\\\/\\\/linemakeup.shop\\\/mentions-legales\\\/\"]}]},{\"@type\":\"BreadcrumbList\",\"@id\":\"https:\\\/\\\/linemakeup.shop\\\/mentions-legales\\\/#breadcrumb\",\"itemListElement\":[{\"@type\":\"ListItem\",\"position\":1,\"name\":\"Accueil\",\"item\":\"https:\\\/\\\/linemakeup.shop\\\/\"},{\"@type\":\"ListItem\",\"position\":2,\"name\":\"Mentions l\u00e9gales\"}]},{\"@type\":\"WebSite\",\"@id\":\"https:\\\/\\\/linemakeup.shop\\\/#website\",\"url\":\"https:\\\/\\\/linemakeup.shop\\\/\",\"name\":\"Linemakeup Shop\",\"description\":\"\",\"publisher\":{\"@id\":\"https:\\\/\\\/linemakeup.shop\\\/#organization\"},\"potentialAction\":[{\"@type\":\"SearchAction\",\"target\":{\"@type\":\"EntryPoint\",\"urlTemplate\":\"https:\\\/\\\/linemakeup.shop\\\/?s={search_term_string}\"},\"query-input\":{\"@type\":\"PropertyValueSpecification\",\"valueRequired\":true,\"valueName\":\"search_term_string\"}}],\"inLanguage\":\"en-US\"},{\"@type\":\"Organization\",\"@id\":\"https:\\\/\\\/linemakeup.shop\\\/#organization\",\"name\":\"Linemakeup Shop\",\"url\":\"https:\\\/\\\/linemakeup.shop\\\/\",\"logo\":{\"@type\":\"ImageObject\",\"inLanguage\":\"en-US\",\"@id\":\"https:\\\/\\\/linemakeup.shop\\\/#\\\/schema\\\/logo\\\/image\\\/\",\"url\":\"https:\\\/\\\/linemakeup.shop\\\/wp-content\\\/uploads\\\/2023\\\/05\\\/cropped-cropped-cropped-logo-Linemakeup-Shop-15-e1601502610341-1.png\",\"contentUrl\":\"https:\\\/\\\/linemakeup.shop\\\/wp-content\\\/uploads\\\/2023\\\/05\\\/cropped-cropped-cropped-logo-Linemakeup-Shop-15-e1601502610341-1.png\",\"width\":709,\"height\":102,\"caption\":\"Linemakeup Shop\"},\"image\":{\"@id\":\"https:\\\/\\\/linemakeup.shop\\\/#\\\/schema\\\/logo\\\/image\\\/\"},\"sameAs\":[\"https:\\\/\\\/www.facebook.com\\\/linemakeupFR\\\/?locale=fr_FR\"]}]}<\/script>\n<!-- \/ Yoast SEO plugin. -->","yoast_head_json":{"title":"Mentions l\u00e9gales - Linemakeup Shop","robots":{"index":"index","follow":"follow","max-snippet":"max-snippet:-1","max-image-preview":"max-image-preview:large","max-video-preview":"max-video-preview:-1"},"canonical":"https:\/\/linemakeup.shop\/en\/mentions-legales\/","og_locale":"en_US","og_type":"article","og_title":"Mentions l\u00e9gales - Linemakeup Shop","og_description":"MENTIONS L\u00c9GALES \u00c0 travers cette charte, LINEMAKEUP PRO, l\u2019\u00c9diteur, souhaite faire part aux Utilisateurs du site www.linemakeup.store\/linemakeuppro, le Site, de ses engagements et des r\u00e8gles qu\u2019ils auront \u00e0 respecter lors de leurs visites sur le site. 1. IDENTIT\u00c9 LINEMAKEUP PRO SAS au capital de 1 000 \u20ac RCS Montpellier n\u00b0 879 768 281 D\u00e9claration d\u2019activit\u00e9...","og_url":"https:\/\/linemakeup.shop\/en\/mentions-legales\/","og_site_name":"Linemakeup Shop","article_publisher":"https:\/\/www.facebook.com\/linemakeupFR\/?locale=fr_FR","twitter_card":"summary_large_image","twitter_misc":{"Est. reading time":"4 minutes"},"schema":{"@context":"https:\/\/schema.org","@graph":[{"@type":"WebPage","@id":"https:\/\/linemakeup.shop\/mentions-legales\/","url":"https:\/\/linemakeup.shop\/mentions-legales\/","name":"Mentions l\u00e9gales - Linemakeup Shop","isPartOf":{"@id":"https:\/\/linemakeup.shop\/#website"},"datePublished":"2024-11-29T18:49:08+00:00","breadcrumb":{"@id":"https:\/\/linemakeup.shop\/mentions-legales\/#breadcrumb"},"inLanguage":"en-US","potentialAction":[{"@type":"ReadAction","target":["https:\/\/linemakeup.shop\/mentions-legales\/"]}]},{"@type":"BreadcrumbList","@id":"https:\/\/linemakeup.shop\/mentions-legales\/#breadcrumb","itemListElement":[{"@type":"ListItem","position":1,"name":"Accueil","item":"https:\/\/linemakeup.shop\/"},{"@type":"ListItem","position":2,"name":"Mentions l\u00e9gales"}]},{"@type":"WebSite","@id":"https:\/\/linemakeup.shop\/#website","url":"https:\/\/linemakeup.shop\/","name":"Linemakeup Shop","description":"","publisher":{"@id":"https:\/\/linemakeup.shop\/#organization"},"potentialAction":[{"@type":"SearchAction","target":{"@type":"EntryPoint","urlTemplate":"https:\/\/linemakeup.shop\/?s={search_term_string}"},"query-input":{"@type":"PropertyValueSpecification","valueRequired":true,"valueName":"search_term_string"}}],"inLanguage":"en-US"},{"@type":"Organization","@id":"https:\/\/linemakeup.shop\/#organization","name":"Linemakeup Shop","url":"https:\/\/linemakeup.shop\/","logo":{"@type":"ImageObject","inLanguage":"en-US","@id":"https:\/\/linemakeup.shop\/#\/schema\/logo\/image\/","url":"https:\/\/linemakeup.shop\/wp-content\/uploads\/2023\/05\/cropped-cropped-cropped-logo-Linemakeup-Shop-15-e1601502610341-1.png","contentUrl":"https:\/\/linemakeup.shop\/wp-content\/uploads\/2023\/05\/cropped-cropped-cropped-logo-Linemakeup-Shop-15-e1601502610341-1.png","width":709,"height":102,"caption":"Linemakeup Shop"},"image":{"@id":"https:\/\/linemakeup.shop\/#\/schema\/logo\/image\/"},"sameAs":["https:\/\/www.facebook.com\/linemakeupFR\/?locale=fr_FR"]}]}},"_links":{"self":[{"href":"https:\/\/linemakeup.shop\/en\/wp-json\/wp\/v2\/pages\/2235","targetHints":{"allow":["GET"]}}],"collection":[{"href":"https:\/\/linemakeup.shop\/en\/wp-json\/wp\/v2\/pages"}],"about":[{"href":"https:\/\/linemakeup.shop\/en\/wp-json\/wp\/v2\/types\/page"}],"author":[{"embeddable":true,"href":"https:\/\/linemakeup.shop\/en\/wp-json\/wp\/v2\/users\/1"}],"replies":[{"embeddable":true,"href":"https:\/\/linemakeup.shop\/en\/wp-json\/wp\/v2\/comments?post=2235"}],"version-history":[{"count":1,"href":"https:\/\/linemakeup.shop\/en\/wp-json\/wp\/v2\/pages\/2235\/revisions"}],"predecessor-version":[{"id":27147,"href":"https:\/\/linemakeup.shop\/en\/wp-json\/wp\/v2\/pages\/2235\/revisions\/27147"}],"wp:attachment":[{"href":"https:\/\/linemakeup.shop\/en\/wp-json\/wp\/v2\/media?parent=2235"}],"curies":[{"name":"wp","href":"https:\/\/api.w.org\/{rel}","templated":true}]}}